{"id":4989,"date":"2016-10-10T10:12:35","date_gmt":"2016-10-10T10:12:35","guid":{"rendered":"http:\/\/hoaraugraphisme.net\/sitev2\/vi\/mentions-legales\/"},"modified":"2016-10-11T09:55:33","modified_gmt":"2016-10-11T09:55:33","slug":"mentions-legales","status":"publish","type":"page","link":"https:\/\/hoaraugraphisme.net\/vi\/mentions-legales\/","title":{"rendered":"Mentions l\u00e9gales"},"content":{"rendered":"<h4>\u2022 \u00c9DITEUR<\/h4>\n<p>Nom du Site : hoaraugraphisme.net\/sitev2<br \/>\nDirecteur de la publication : Patrick Hoarau<br \/>\nEmail : hoarau@graphisme.net<br \/>\nAdresse : 10 bis rue Bisson 75020 Paris<\/p>\n<p>&nbsp;<\/p>\n<h4>\u2022 HERBERGEMENT<\/h4>\n<p>GANDI SAS, Soci\u00e9t\u00e9 par Actions Simplifi\u00e9e au capital de 800.000\u20ac ayant son si\u00e8ge social au<br \/>\n63-65 boulevard Massena \u00e0 Paris (75013) FRANCE,<br \/>\nimmatricul\u00e9e sous le num\u00e9ro 423 093 459 RCS PARIS<br \/>\nN\u00b0 TVA FR81423093459<br \/>\nT\u00e9l\u00e9phone : +33.(0) 1 70 37 76 61<br \/>\nT\u00e9l\u00e9copie +33.(0) 1 43 73 18 51<\/p>\n<p>&nbsp;<\/p>\n<h4>\u2022 CR\u00c9DITS<\/h4>\n<p>Conception, graphisme et d\u00e9veloppement : <a href=\"http:\/\/www.brges.com\/\" target=\"_blank\">Brice Gessler (br\/ges)<\/a><\/p>\n<p>&nbsp;<\/p>\n<h4>\u2022 MENTIONS<\/h4>\n<p>L\u2019utilisateur du pr\u00e9sent site reconna\u00eet disposer de la comp\u00e9tence et des moyens n\u00e9cessaires pour acc\u00e9der et utiliser ce site. Il reconna\u00eet \u00e9galement avoir pris connaissance de la pr\u00e9sente notice l\u00e9gale et s\u2019engage \u00e0 la respecter.<\/p>\n<p>Conform\u00e9ment aux dispositions de la loi du 6 janvier 1978 relative \u00e0 l\u2019Informatique, aux fichiers et aux libert\u00e9s, modifi\u00e9e par la loi du 6 ao\u00fbt 2004, l\u2019utilisateur dispose d\u2019un droit d\u2019acc\u00e8s, de rectification et de suppression aux donn\u00e9es \u00e0 caract\u00e8re personnel le concernant. L\u2019utilisateur peut exercer ces droits par le simple envoi d\u2019un message \u00e9lectronique.<\/p>\n<p>Le pr\u00e9sent site constitue une \u0153uvre de l\u2019esprit au sens des dispositions du Code de la Propri\u00e9t\u00e9 Intellectuelle. La conception, le graphisme, le contenu, l\u2019organisation de ce site sont des \u0153uvres originales prot\u00e9g\u00e9es par le droit d\u2019auteur. Toute reproduction partielle ou int\u00e9grale de ce site ou de l\u2019un de ses \u00e9l\u00e9ments, sans autorisation expresse, est illicite.<\/p>\n<p>Les liens hypertextes mis en place dans le cadre du site Internet en direction d\u2019autres ressources pr\u00e9sentes sur le r\u00e9seau de l\u2019Internet, et notamment vers ses partenaires ont fait l\u2019objet d\u2019une autorisation pr\u00e9alable expresse et \u00e9crite. Les utilisateurs visiteurs du site Internet ne peuvent mettre en place un hyperlien en direction de ces sites sans l\u2019autorisation expresse et pr\u00e9alable de l\u2019exploitant du site Internet.<\/p>\n","protected":false},"excerpt":{"rendered":"<p>\u2022 \u00c9DITEUR Nom du Site : hoaraugraphisme.net\/sitev2 Directeur de la publication : Patrick Hoarau Email : hoarau@graphisme.net Adresse : 10 bis rue Bisson 75020 Paris &nbsp; \u2022 HERBERGEMENT GANDI SAS, Soci\u00e9t\u00e9 par Actions Simplifi\u00e9e au capital de 800.000\u20ac ayant son si\u00e8ge social au 63-65 boulevard Massena \u00e0 Paris (75013) FRANCE, immatricul\u00e9e sous le num\u00e9ro 423 [&hellip;]<\/p>\n","protected":false},"author":2,"featured_media":0,"parent":0,"menu_order":0,"comment_status":"closed","ping_status":"closed","template":"","meta":{"footnotes":""},"class_list":["post-4989","page","type-page","status-publish","hentry"],"yoast_head":"<!-- This site is optimized with the Yoast SEO plugin v27.6 - https:\/\/yoast.com\/product\/yoast-seo-wordpress\/ -->\n<title>Mentions l\u00e9gales - Patrick Hoarau<\/title>\n<meta name=\"robots\" content=\"index, follow, max-snippet:-1, max-image-preview:large, max-video-preview:-1\" \/>\n<link rel=\"canonical\" href=\"https:\/\/hoaraugraphisme.net\/vi\/mentions-legales\/\" \/>\n<meta property=\"og:locale\" content=\"vi_VN\" \/>\n<meta property=\"og:type\" content=\"article\" \/>\n<meta property=\"og:title\" content=\"Mentions l\u00e9gales - Patrick Hoarau\" \/>\n<meta property=\"og:description\" content=\"\u2022 \u00c9DITEUR Nom du Site : hoaraugraphisme.net\/sitev2 Directeur de la publication : Patrick Hoarau Email : hoarau@graphisme.net Adresse : 10 bis rue Bisson 75020 Paris &nbsp; \u2022 HERBERGEMENT GANDI SAS, Soci\u00e9t\u00e9 par Actions Simplifi\u00e9e au capital de 800.000\u20ac ayant son si\u00e8ge social au 63-65 boulevard Massena \u00e0 Paris (75013) FRANCE, immatricul\u00e9e sous le num\u00e9ro 423 [&hellip;]\" \/>\n<meta property=\"og:url\" content=\"https:\/\/hoaraugraphisme.net\/vi\/mentions-legales\/\" \/>\n<meta property=\"og:site_name\" content=\"Patrick Hoarau\" \/>\n<meta property=\"article:modified_time\" content=\"2016-10-11T09:55:33+00:00\" \/>\n<meta name=\"twitter:card\" content=\"summary_large_image\" \/>\n<meta name=\"twitter:label1\" content=\"\u01af\u1edbc t\u00ednh th\u1eddi gian \u0111\u1ecdc\" \/>\n\t<meta name=\"twitter:data1\" content=\"2 ph\u00fat\" \/>\n<script type=\"application\/ld+json\" class=\"yoast-schema-graph\">{\"@context\":\"https:\\\/\\\/schema.org\",\"@graph\":[{\"@type\":\"WebPage\",\"@id\":\"https:\\\/\\\/hoaraugraphisme.net\\\/vi\\\/mentions-legales\\\/\",\"url\":\"https:\\\/\\\/hoaraugraphisme.net\\\/vi\\\/mentions-legales\\\/\",\"name\":\"Mentions l\u00e9gales - Patrick Hoarau\",\"isPartOf\":{\"@id\":\"https:\\\/\\\/hoaraugraphisme.net\\\/#website\"},\"datePublished\":\"2016-10-10T10:12:35+00:00\",\"dateModified\":\"2016-10-11T09:55:33+00:00\",\"inLanguage\":\"vi\",\"potentialAction\":[{\"@type\":\"ReadAction\",\"target\":[\"https:\\\/\\\/hoaraugraphisme.net\\\/vi\\\/mentions-legales\\\/\"]}]},{\"@type\":\"WebSite\",\"@id\":\"https:\\\/\\\/hoaraugraphisme.net\\\/#website\",\"url\":\"https:\\\/\\\/hoaraugraphisme.net\\\/\",\"name\":\"Patrick Hoarau\",\"description\":\"thi\u1ebft k\u1ebf \u0111\u1ed3 h\u1ecda\",\"potentialAction\":[{\"@type\":\"SearchAction\",\"target\":{\"@type\":\"EntryPoint\",\"urlTemplate\":\"https:\\\/\\\/hoaraugraphisme.net\\\/?s={search_term_string}\"},\"query-input\":{\"@type\":\"PropertyValueSpecification\",\"valueRequired\":true,\"valueName\":\"search_term_string\"}}],\"inLanguage\":\"vi\"}]}<\/script>\n<!-- \/ Yoast SEO plugin. -->","yoast_head_json":{"title":"Mentions l\u00e9gales - Patrick Hoarau","robots":{"index":"index","follow":"follow","max-snippet":"max-snippet:-1","max-image-preview":"max-image-preview:large","max-video-preview":"max-video-preview:-1"},"canonical":"https:\/\/hoaraugraphisme.net\/vi\/mentions-legales\/","og_locale":"vi_VN","og_type":"article","og_title":"Mentions l\u00e9gales - Patrick Hoarau","og_description":"\u2022 \u00c9DITEUR Nom du Site : hoaraugraphisme.net\/sitev2 Directeur de la publication : Patrick Hoarau Email : hoarau@graphisme.net Adresse : 10 bis rue Bisson 75020 Paris &nbsp; \u2022 HERBERGEMENT GANDI SAS, Soci\u00e9t\u00e9 par Actions Simplifi\u00e9e au capital de 800.000\u20ac ayant son si\u00e8ge social au 63-65 boulevard Massena \u00e0 Paris (75013) FRANCE, immatricul\u00e9e sous le num\u00e9ro 423 [&hellip;]","og_url":"https:\/\/hoaraugraphisme.net\/vi\/mentions-legales\/","og_site_name":"Patrick Hoarau","article_modified_time":"2016-10-11T09:55:33+00:00","twitter_card":"summary_large_image","twitter_misc":{"\u01af\u1edbc t\u00ednh th\u1eddi gian \u0111\u1ecdc":"2 ph\u00fat"},"schema":{"@context":"https:\/\/schema.org","@graph":[{"@type":"WebPage","@id":"https:\/\/hoaraugraphisme.net\/vi\/mentions-legales\/","url":"https:\/\/hoaraugraphisme.net\/vi\/mentions-legales\/","name":"Mentions l\u00e9gales - Patrick Hoarau","isPartOf":{"@id":"https:\/\/hoaraugraphisme.net\/#website"},"datePublished":"2016-10-10T10:12:35+00:00","dateModified":"2016-10-11T09:55:33+00:00","inLanguage":"vi","potentialAction":[{"@type":"ReadAction","target":["https:\/\/hoaraugraphisme.net\/vi\/mentions-legales\/"]}]},{"@type":"WebSite","@id":"https:\/\/hoaraugraphisme.net\/#website","url":"https:\/\/hoaraugraphisme.net\/","name":"Patrick Hoarau","description":"thi\u1ebft k\u1ebf \u0111\u1ed3 h\u1ecda","potentialAction":[{"@type":"SearchAction","target":{"@type":"EntryPoint","urlTemplate":"https:\/\/hoaraugraphisme.net\/?s={search_term_string}"},"query-input":{"@type":"PropertyValueSpecification","valueRequired":true,"valueName":"search_term_string"}}],"inLanguage":"vi"}]}},"_links":{"self":[{"href":"https:\/\/hoaraugraphisme.net\/vi\/wp-json\/wp\/v2\/pages\/4989","targetHints":{"allow":["GET"]}}],"collection":[{"href":"https:\/\/hoaraugraphisme.net\/vi\/wp-json\/wp\/v2\/pages"}],"about":[{"href":"https:\/\/hoaraugraphisme.net\/vi\/wp-json\/wp\/v2\/types\/page"}],"author":[{"embeddable":true,"href":"https:\/\/hoaraugraphisme.net\/vi\/wp-json\/wp\/v2\/users\/2"}],"replies":[{"embeddable":true,"href":"https:\/\/hoaraugraphisme.net\/vi\/wp-json\/wp\/v2\/comments?post=4989"}],"version-history":[{"count":0,"href":"https:\/\/hoaraugraphisme.net\/vi\/wp-json\/wp\/v2\/pages\/4989\/revisions"}],"wp:attachment":[{"href":"https:\/\/hoaraugraphisme.net\/vi\/wp-json\/wp\/v2\/media?parent=4989"}],"curies":[{"name":"wp","href":"https:\/\/api.w.org\/{rel}","templated":true}]}}