{"id":3208,"date":"2015-10-13T02:38:54","date_gmt":"2015-10-13T02:38:54","guid":{"rendered":"http:\/\/hoaraugraphisme.net\/sitev2\/index.php\/plus\/a-propos\/?lang=vi"},"modified":"2021-06-25T14:29:58","modified_gmt":"2021-06-25T14:29:58","slug":"a-propos","status":"publish","type":"page","link":"https:\/\/hoaraugraphisme.net\/vi\/tu-gioi-thieu\/a-propos\/","title":{"rendered":"v\u1ec1 ch\u00fang t\u00f4i"},"content":{"rendered":"\n<style type=\"text\/css\" data-created_by=\"avia_inline_auto\" id=\"style-css-av-46i7e6-a6b17cff0091d1d183d63f906e48f8e6\">\n.flex_column.av-46i7e6-a6b17cff0091d1d183d63f906e48f8e6{\nborder-radius:0px 0px 0px 0px;\npadding:0px 0px 0px 0px;\n}\n<\/style>\n<div  class='flex_column av-46i7e6-a6b17cff0091d1d183d63f906e48f8e6 av_one_half  avia-builder-el-0  el_before_av_one_half  avia-builder-el-first  first flex_column_div av-zero-column-padding  '     ><style type=\"text\/css\" data-created_by=\"avia_inline_auto\" id=\"style-css-av-kqcdonnt-d1280f6c05670d1952bc98bdb7903526\">\n.avia-image-container.av-kqcdonnt-d1280f6c05670d1952bc98bdb7903526 img.avia_image{\nbox-shadow:none;\n}\n.avia-image-container.av-kqcdonnt-d1280f6c05670d1952bc98bdb7903526 .av-image-caption-overlay-center{\ncolor:#ffffff;\n}\n<\/style>\n<div  class='avia-image-container av-kqcdonnt-d1280f6c05670d1952bc98bdb7903526 av-styling-no-styling avia-align-left  avia-builder-el-1  avia-builder-el-no-sibling '   itemprop=\"image\" itemscope=\"itemscope\" itemtype=\"https:\/\/schema.org\/ImageObject\" ><div class=\"avia-image-container-inner\"><div class=\"avia-image-overlay-wrap\"><img decoding=\"async\" fetchpriority=\"high\" class='wp-image-2433 avia-img-lazy-loading-not-2433 avia_image ' src=\"https:\/\/hoaraugraphisme.net\/sitev2\/wp-content\/uploads\/2015\/10\/a-propos.jpg\" alt='' title='a-propos'  height=\"400\" width=\"400\"  itemprop=\"thumbnailUrl\" srcset=\"https:\/\/hoaraugraphisme.net\/sitev2\/wp-content\/uploads\/2015\/10\/a-propos.jpg 400w, https:\/\/hoaraugraphisme.net\/sitev2\/wp-content\/uploads\/2015\/10\/a-propos-300x300.jpg 300w, https:\/\/hoaraugraphisme.net\/sitev2\/wp-content\/uploads\/2015\/10\/a-propos-80x80.jpg 80w, https:\/\/hoaraugraphisme.net\/sitev2\/wp-content\/uploads\/2015\/10\/a-propos-36x36.jpg 36w, https:\/\/hoaraugraphisme.net\/sitev2\/wp-content\/uploads\/2015\/10\/a-propos-180x180.jpg 180w\" sizes=\"(max-width: 400px) 100vw, 400px\" \/><\/div><\/div><\/div><\/div>\n\n<style type=\"text\/css\" data-created_by=\"avia_inline_auto\" id=\"style-css-av-2seku6-aaa11225edc7085cdf6c6a10a394ce01\">\n.flex_column.av-2seku6-aaa11225edc7085cdf6c6a10a394ce01{\nborder-radius:0px 0px 0px 0px;\npadding:0px 0px 0px 0px;\n}\n<\/style>\n<div  class='flex_column av-2seku6-aaa11225edc7085cdf6c6a10a394ce01 av_one_half  avia-builder-el-2  el_after_av_one_half  avia-builder-el-last  flex_column_div av-zero-column-padding  '     ><section  class='av_textblock_section av-kqcdoy26-bf3b1e0019ff17b8c029a44d71b1b25b '   itemscope=\"itemscope\" itemtype=\"https:\/\/schema.org\/CreativeWork\" ><div class='avia_textblock'  itemprop=\"text\" ><h4 style=\"text-align: justify;\">. Patrick Hoarau .<\/h4>\n<p><a href=\"http:\/\/hoaraugraphisme.net\/sitev2\/wp-content\/uploads\/2015\/10\/hoarau_patrick_vn.pdf\">patrick.pdf<\/a><\/p>\n<p>T\u00f4i l\u00e0 chuy\u00ean gia \u0111\u1ed3 h\u1ecda,<br \/>\nchuy\u00ean l\u00e0m vi\u1ec7c trong l\u0129nh v\u1ef1c thi\u1ebft k\u1ebf ch\u1ec9 d\u1eabn cho c\u00e1c kh\u00f4ng gian c\u00f4ng c\u1ed9ng.<\/p>\n<p>Nh\u1eefng d\u1ef1 \u00e1n t\u00f4i tham gia th\u1ef1c hi\u1ec7n v\u00f4 c\u00f9ng \u0111a d\u1ea1ng. T\u1eeb nh\u1eefng b\u1ea3o t\u00e0ng nh\u1ecf cho \u0111\u1ebfn nh\u1eefng c\u00f4ng tr\u00ecnh \u0111\u01b0\u1ee3c nhi\u1ec1u ng\u01b0\u1eddi bi\u1ebft t\u1edbi, t\u1eeb ch\u1ec9 d\u1eabn cho c\u00e1c t\u00f2a nh\u00e0 cho \u0111\u1ebfn ch\u1ec9 d\u1eabn mang t\u1ea7m c\u1ee1 \u0111\u00f4 th\u1ecb hay nh\u1eefng kh\u00f4ng gian xanh. B\u00ean c\u1ea1nh \u0111\u00f3, t\u00f4i c\u0169ng x\u00e2y d\u1ef1ng nh\u1eefng h\u1ec7 th\u1ed1ng nh\u1eadn di\u1ec7n h\u00ecnh \u1ea3nh.<\/p>\n<hr \/>\n<p><strong>H\u1ecdc v\u1ea5n<\/strong><br \/>\nTr\u01b0\u1eddng K\u1ef9 ngh\u1ec7 Qu\u1ed1c gia Ph\u00e1p<br \/>\nTr\u01b0\u1eddng Ngh\u1ec7 thu\u1eadt Trang tr\u00ed Qu\u1ed1c gia Paris<\/p>\n<hr \/>\n<\/div><\/section><br \/>\n<section  class='av_textblock_section av-b3zj2-a37d72beb6b4162180c8c5046db97816 '   itemscope=\"itemscope\" itemtype=\"https:\/\/schema.org\/CreativeWork\" ><div class='avia_textblock'  itemprop=\"text\" ><h4 style=\"text-align: justify;\">\u2022 Formation, coop\u00e9ration, enseignement. France, Vietnam \u2022<\/h4>\n<ul style=\"text-align: justify;\">\n<li style=\"text-align: justify;\">D\u2019\u00e9quipe mus\u00e9ographique<\/li>\n<li style=\"text-align: justify;\">Graphistes au sein d\u2019\u00e9tablissement mus\u00e9ographique<\/li>\n<li style=\"text-align: justify;\">\u00c9tudiants d\u2019\u00e9coles d\u2019art<\/li>\n<li style=\"text-align: justify;\">Accompagnement des entreprises aux techniques de reproduction dans l\u2019espace mus\u00e9ographique Mus\u00e9e d\u2019Ethnographie de Hanoi Mus\u00e9e d\u2019histoire d\u2019Ho chi minh Ville Mus\u00e9e du Dak Lak Mus\u00e9e de l\u2019Asie du Sud-Est (en cours) Mus\u00e9e de la sculpture Cham Mus\u00e9e des t\u00e9moignages de guerre Mus\u00e9e des femmes du Vietnam\u2026<\/li>\n<\/ul>\n<\/div><\/section><\/p><\/div>\n","protected":false},"excerpt":{"rendered":"","protected":false},"author":2,"featured_media":0,"parent":3204,"menu_order":1,"comment_status":"closed","ping_status":"closed","template":"","meta":{"footnotes":""},"class_list":["post-3208","page","type-page","status-publish","hentry"],"yoast_head":"<!-- This site is optimized with the Yoast SEO plugin v27.4 - https:\/\/yoast.com\/product\/yoast-seo-wordpress\/ -->\n<title>v\u1ec1 ch\u00fang t\u00f4i - Patrick Hoarau<\/title>\n<meta name=\"robots\" content=\"index, follow, max-snippet:-1, max-image-preview:large, max-video-preview:-1\" \/>\n<link rel=\"canonical\" href=\"https:\/\/hoaraugraphisme.net\/vi\/tu-gioi-thieu\/a-propos\/\" \/>\n<meta property=\"og:locale\" content=\"vi_VN\" \/>\n<meta property=\"og:type\" content=\"article\" \/>\n<meta property=\"og:title\" content=\"v\u1ec1 ch\u00fang t\u00f4i - Patrick Hoarau\" \/>\n<meta property=\"og:url\" content=\"https:\/\/hoaraugraphisme.net\/vi\/tu-gioi-thieu\/a-propos\/\" \/>\n<meta property=\"og:site_name\" content=\"Patrick Hoarau\" \/>\n<meta property=\"article:modified_time\" content=\"2021-06-25T14:29:58+00:00\" \/>\n<meta name=\"twitter:card\" content=\"summary_large_image\" \/>\n<meta name=\"twitter:label1\" content=\"\u01af\u1edbc t\u00ednh th\u1eddi gian \u0111\u1ecdc\" \/>\n\t<meta name=\"twitter:data1\" content=\"3 ph\u00fat\" \/>\n<script type=\"application\/ld+json\" class=\"yoast-schema-graph\">{\"@context\":\"https:\\\/\\\/schema.org\",\"@graph\":[{\"@type\":\"WebPage\",\"@id\":\"https:\\\/\\\/hoaraugraphisme.net\\\/vi\\\/tu-gioi-thieu\\\/a-propos\\\/\",\"url\":\"https:\\\/\\\/hoaraugraphisme.net\\\/vi\\\/tu-gioi-thieu\\\/a-propos\\\/\",\"name\":\"v\u1ec1 ch\u00fang t\u00f4i - Patrick Hoarau\",\"isPartOf\":{\"@id\":\"https:\\\/\\\/hoaraugraphisme.net\\\/#website\"},\"datePublished\":\"2015-10-13T02:38:54+00:00\",\"dateModified\":\"2021-06-25T14:29:58+00:00\",\"breadcrumb\":{\"@id\":\"https:\\\/\\\/hoaraugraphisme.net\\\/vi\\\/tu-gioi-thieu\\\/a-propos\\\/#breadcrumb\"},\"inLanguage\":\"vi\",\"potentialAction\":[{\"@type\":\"ReadAction\",\"target\":[\"https:\\\/\\\/hoaraugraphisme.net\\\/vi\\\/tu-gioi-thieu\\\/a-propos\\\/\"]}]},{\"@type\":\"BreadcrumbList\",\"@id\":\"https:\\\/\\\/hoaraugraphisme.net\\\/vi\\\/tu-gioi-thieu\\\/a-propos\\\/#breadcrumb\",\"itemListElement\":[{\"@type\":\"ListItem\",\"position\":1,\"name\":\"t\u1ef1 gi\u1edbi thi\u1ec7u\",\"item\":\"https:\\\/\\\/hoaraugraphisme.net\\\/vi\\\/tu-gioi-thieu\\\/\"},{\"@type\":\"ListItem\",\"position\":2,\"name\":\"v\u1ec1 ch\u00fang t\u00f4i\"}]},{\"@type\":\"WebSite\",\"@id\":\"https:\\\/\\\/hoaraugraphisme.net\\\/#website\",\"url\":\"https:\\\/\\\/hoaraugraphisme.net\\\/\",\"name\":\"Patrick Hoarau\",\"description\":\"thi\u1ebft k\u1ebf \u0111\u1ed3 h\u1ecda\",\"potentialAction\":[{\"@type\":\"SearchAction\",\"target\":{\"@type\":\"EntryPoint\",\"urlTemplate\":\"https:\\\/\\\/hoaraugraphisme.net\\\/?s={search_term_string}\"},\"query-input\":{\"@type\":\"PropertyValueSpecification\",\"valueRequired\":true,\"valueName\":\"search_term_string\"}}],\"inLanguage\":\"vi\"}]}<\/script>\n<!-- \/ Yoast SEO plugin. -->","yoast_head_json":{"title":"v\u1ec1 ch\u00fang t\u00f4i - Patrick Hoarau","robots":{"index":"index","follow":"follow","max-snippet":"max-snippet:-1","max-image-preview":"max-image-preview:large","max-video-preview":"max-video-preview:-1"},"canonical":"https:\/\/hoaraugraphisme.net\/vi\/tu-gioi-thieu\/a-propos\/","og_locale":"vi_VN","og_type":"article","og_title":"v\u1ec1 ch\u00fang t\u00f4i - Patrick Hoarau","og_url":"https:\/\/hoaraugraphisme.net\/vi\/tu-gioi-thieu\/a-propos\/","og_site_name":"Patrick Hoarau","article_modified_time":"2021-06-25T14:29:58+00:00","twitter_card":"summary_large_image","twitter_misc":{"\u01af\u1edbc t\u00ednh th\u1eddi gian \u0111\u1ecdc":"3 ph\u00fat"},"schema":{"@context":"https:\/\/schema.org","@graph":[{"@type":"WebPage","@id":"https:\/\/hoaraugraphisme.net\/vi\/tu-gioi-thieu\/a-propos\/","url":"https:\/\/hoaraugraphisme.net\/vi\/tu-gioi-thieu\/a-propos\/","name":"v\u1ec1 ch\u00fang t\u00f4i - Patrick Hoarau","isPartOf":{"@id":"https:\/\/hoaraugraphisme.net\/#website"},"datePublished":"2015-10-13T02:38:54+00:00","dateModified":"2021-06-25T14:29:58+00:00","breadcrumb":{"@id":"https:\/\/hoaraugraphisme.net\/vi\/tu-gioi-thieu\/a-propos\/#breadcrumb"},"inLanguage":"vi","potentialAction":[{"@type":"ReadAction","target":["https:\/\/hoaraugraphisme.net\/vi\/tu-gioi-thieu\/a-propos\/"]}]},{"@type":"BreadcrumbList","@id":"https:\/\/hoaraugraphisme.net\/vi\/tu-gioi-thieu\/a-propos\/#breadcrumb","itemListElement":[{"@type":"ListItem","position":1,"name":"t\u1ef1 gi\u1edbi thi\u1ec7u","item":"https:\/\/hoaraugraphisme.net\/vi\/tu-gioi-thieu\/"},{"@type":"ListItem","position":2,"name":"v\u1ec1 ch\u00fang t\u00f4i"}]},{"@type":"WebSite","@id":"https:\/\/hoaraugraphisme.net\/#website","url":"https:\/\/hoaraugraphisme.net\/","name":"Patrick Hoarau","description":"thi\u1ebft k\u1ebf \u0111\u1ed3 h\u1ecda","potentialAction":[{"@type":"SearchAction","target":{"@type":"EntryPoint","urlTemplate":"https:\/\/hoaraugraphisme.net\/?s={search_term_string}"},"query-input":{"@type":"PropertyValueSpecification","valueRequired":true,"valueName":"search_term_string"}}],"inLanguage":"vi"}]}},"_links":{"self":[{"href":"https:\/\/hoaraugraphisme.net\/vi\/wp-json\/wp\/v2\/pages\/3208","targetHints":{"allow":["GET"]}}],"collection":[{"href":"https:\/\/hoaraugraphisme.net\/vi\/wp-json\/wp\/v2\/pages"}],"about":[{"href":"https:\/\/hoaraugraphisme.net\/vi\/wp-json\/wp\/v2\/types\/page"}],"author":[{"embeddable":true,"href":"https:\/\/hoaraugraphisme.net\/vi\/wp-json\/wp\/v2\/users\/2"}],"replies":[{"embeddable":true,"href":"https:\/\/hoaraugraphisme.net\/vi\/wp-json\/wp\/v2\/comments?post=3208"}],"version-history":[{"count":0,"href":"https:\/\/hoaraugraphisme.net\/vi\/wp-json\/wp\/v2\/pages\/3208\/revisions"}],"up":[{"embeddable":true,"href":"https:\/\/hoaraugraphisme.net\/vi\/wp-json\/wp\/v2\/pages\/3204"}],"wp:attachment":[{"href":"https:\/\/hoaraugraphisme.net\/vi\/wp-json\/wp\/v2\/media?parent=3208"}],"curies":[{"name":"wp","href":"https:\/\/api.w.org\/{rel}","templated":true}]}}